{"id":761,"date":"2024-09-20T00:45:17","date_gmt":"2024-09-19T22:45:17","guid":{"rendered":"https:\/\/www.dprojects.es\/maximconfortsofas\/?post_type=product&#038;p=761"},"modified":"2024-09-20T00:45:17","modified_gmt":"2024-09-19T22:45:17","slug":"poso","status":"publish","type":"product","link":"https:\/\/www.dprojects.es\/maximconfortsofas\/?product=poso","title":{"rendered":"Poso"},"content":{"rendered":"<p>Sof\u00e1 Poso de Moradillo en M\u00e0xim Confort Mallorca.<\/p>\n<p>Tiempo de calidad, gracias a la solidez de su estructura y a los magn\u00edficos acabados que proporcionan las manos artesanas de nuestros tapiceros. Pon a prueba todas sus posibilidades de configuraci\u00f3n y tapizado y descubrir\u00e1s que hay un Poso hecho a la medida de tus necesidades.<\/p>\n<p>Disponible como sof\u00e1 fijo, rinconera o chaiselongue\u00a0 en <a href=\"https:\/\/www.dprojects.es\/maximconfortsofas\/\">M\u00e1xim Confort<\/a>\u00a0de\u00a0<a>Palma de Mallorca<\/a>.<\/p>\n","protected":false},"excerpt":{"rendered":"<p>El dise\u00f1o casual, la comodidad y las dimensiones generosas configuraron un dise\u00f1o tan acogedor y vers\u00e1til que es imposible no imaginar tiempo infinito descansando y disfrutando junto a \u00e9l.<\/p>\n","protected":false},"featured_media":762,"comment_status":"open","ping_status":"closed","template":"","meta":[],"product_cat":[332,26],"product_tag":[35,226,36],"class_list":{"0":"post-761","1":"product","2":"type-product","3":"status-publish","4":"has-post-thumbnail","6":"product_cat-moradillo-sofas-2","7":"product_cat-sofas","8":"product_tag-moradillo","9":"product_tag-poso","10":"product_tag-sofa","12":"first","13":"instock","14":"shipping-taxable","15":"product-type-simple"},"_links":{"self":[{"href":"https:\/\/www.dprojects.es\/maximconfortsofas\/index.php?rest_route=\/wp\/v2\/product\/761","targetHints":{"allow":["GET"]}}],"collection":[{"href":"https:\/\/www.dprojects.es\/maximconfortsofas\/index.php?rest_route=\/wp\/v2\/product"}],"about":[{"href":"https:\/\/www.dprojects.es\/maximconfortsofas\/index.php?rest_route=\/wp\/v2\/types\/product"}],"replies":[{"embeddable":true,"href":"https:\/\/www.dprojects.es\/maximconfortsofas\/index.php?rest_route=%2Fwp%2Fv2%2Fcomments&post=761"}],"wp:featuredmedia":[{"embeddable":true,"href":"https:\/\/www.dprojects.es\/maximconfortsofas\/index.php?rest_route=\/wp\/v2\/media\/762"}],"wp:attachment":[{"href":"https:\/\/www.dprojects.es\/maximconfortsofas\/index.php?rest_route=%2Fwp%2Fv2%2Fmedia&parent=761"}],"wp:term":[{"taxonomy":"product_cat","embeddable":true,"href":"https:\/\/www.dprojects.es\/maximconfortsofas\/index.php?rest_route=%2Fwp%2Fv2%2Fproduct_cat&post=761"},{"taxonomy":"product_tag","embeddable":true,"href":"https:\/\/www.dprojects.es\/maximconfortsofas\/index.php?rest_route=%2Fwp%2Fv2%2Fproduct_tag&post=761"}],"curies":[{"name":"wp","href":"https:\/\/api.w.org\/{rel}","templated":true}]}}