{"id":766,"date":"2024-09-20T00:52:49","date_gmt":"2024-09-19T22:52:49","guid":{"rendered":"https:\/\/www.dprojects.es\/maximconfortsofas\/?post_type=product&#038;p=766"},"modified":"2024-09-20T00:52:50","modified_gmt":"2024-09-19T22:52:50","slug":"zow","status":"publish","type":"product","link":"https:\/\/www.dprojects.es\/maximconfortsofas\/?product=zow","title":{"rendered":"Zow"},"content":{"rendered":"<p>Sof\u00e1 Zow de Moradillo<\/p>\n<p>Para hacerlo realmente suyo, cuenta con la posibilidad de ser configurado de acuerdo con la configuraci\u00f3n y el tama\u00f1o que desee, adem\u00e1s de infinitas posibilidades de personalizaci\u00f3n: desde la anchura y dise\u00f1o del brazo, hasta las patas disponibles en\u00a0diferentes materiales, colores y acabados, pasando por dos diferentes fondos y firmezas de sentada, o los centenares de telas y\u00a0pieles disponibles para su tapizado.<\/p>\n<p>&nbsp;<\/p>\n","protected":false},"excerpt":{"rendered":"<p>Qu\u00e9 bella es la sencillez. Los trazos rectos y limpios, las l\u00edneas depuradas, la ligereza de la pata alta y las equilibradas proporciones de\u00a0Zow componen una est\u00e9tica tan elegante que es imposible apartar la mirada.<\/p>\n","protected":false},"featured_media":767,"comment_status":"open","ping_status":"closed","template":"","meta":[],"product_cat":[332,26],"product_tag":[35,36,38],"class_list":{"0":"post-766","1":"product","2":"type-product","3":"status-publish","4":"has-post-thumbnail","6":"product_cat-moradillo-sofas-2","7":"product_cat-sofas","8":"product_tag-moradillo","9":"product_tag-sofa","10":"product_tag-zow","12":"first","13":"instock","14":"shipping-taxable","15":"product-type-simple"},"_links":{"self":[{"href":"https:\/\/www.dprojects.es\/maximconfortsofas\/index.php?rest_route=\/wp\/v2\/product\/766","targetHints":{"allow":["GET"]}}],"collection":[{"href":"https:\/\/www.dprojects.es\/maximconfortsofas\/index.php?rest_route=\/wp\/v2\/product"}],"about":[{"href":"https:\/\/www.dprojects.es\/maximconfortsofas\/index.php?rest_route=\/wp\/v2\/types\/product"}],"replies":[{"embeddable":true,"href":"https:\/\/www.dprojects.es\/maximconfortsofas\/index.php?rest_route=%2Fwp%2Fv2%2Fcomments&post=766"}],"wp:featuredmedia":[{"embeddable":true,"href":"https:\/\/www.dprojects.es\/maximconfortsofas\/index.php?rest_route=\/wp\/v2\/media\/767"}],"wp:attachment":[{"href":"https:\/\/www.dprojects.es\/maximconfortsofas\/index.php?rest_route=%2Fwp%2Fv2%2Fmedia&parent=766"}],"wp:term":[{"taxonomy":"product_cat","embeddable":true,"href":"https:\/\/www.dprojects.es\/maximconfortsofas\/index.php?rest_route=%2Fwp%2Fv2%2Fproduct_cat&post=766"},{"taxonomy":"product_tag","embeddable":true,"href":"https:\/\/www.dprojects.es\/maximconfortsofas\/index.php?rest_route=%2Fwp%2Fv2%2Fproduct_tag&post=766"}],"curies":[{"name":"wp","href":"https:\/\/api.w.org\/{rel}","templated":true}]}}