{"id":771,"date":"2024-09-20T01:01:59","date_gmt":"2024-09-19T23:01:59","guid":{"rendered":"https:\/\/www.dprojects.es\/maximconfortsofas\/?post_type=product&#038;p=771"},"modified":"2024-09-20T01:03:36","modified_gmt":"2024-09-19T23:03:36","slug":"upi","status":"publish","type":"product","link":"https:\/\/www.dprojects.es\/maximconfortsofas\/?product=upi","title":{"rendered":"Upi"},"content":{"rendered":"<p>No te dejes enga\u00f1ar por su dise\u00f1o minimalista y elegante, el sof\u00e1 UPI se ha pensado para ofrecer una comodidad sin precedentes. Este modelo pertenece a la<em>\u00a0\u00abColecci\u00f3n Casual\u00bb<\/em>\u00a0cuyas\u00a0<strong>caracter\u00edsticas principales est\u00e1n la sentada XXL<\/strong>, que ofrece m\u00e1s espacio para el descanso,<strong>\u00a0los rellenos de pluma en asientos y respaldos<\/strong>\u00a0para una sensaci\u00f3n m\u00e1s mullida y acogedora, y<strong>\u00a0la \u00faltima tecnolog\u00eda en suspensi\u00f3n<\/strong>\u00a0para una sentada mucho m\u00e1s confortable. Adem\u00e1s, este modelo incorpora un brazo de 9 cm de ancho lo que multiplica el espacio de sentada y la funcionalidad del sof\u00e1.<\/p>\n<p>Junto a las numerosas opciones de modulaci\u00f3n disponible y una amplia variedad de tapizados donde escoger,<strong>\u00a0dispones de un fondo de sentada de 105 \u00f3 115 cm<\/strong>. para elegir lo que supone una aut\u00e9ntica revoluci\u00f3n para el descanso. Por si esto fuera poco,\u00a0<strong>este modelo es completamente desenfundable<\/strong>\u00a0para que, adem\u00e1s de relajante, sea pr\u00e1ctico y apto para todos en casa.<\/p>\n","protected":false},"excerpt":{"rendered":"<p>Disfrutar de una sensaci\u00f3n de confort integral,\u00a0<strong>ideal para aquellos que buscan un sof\u00e1 extra c\u00f3modo<\/strong>\u00a0en el que poder recostarse,\u00a0<strong>y disfrutar de momentos de relax es posible gracias al nuevo sof\u00e1 UPI<\/strong>. De estilo relajado y actual, el modelo UPI se convertir\u00e1 en el lugar perfecto para los que buscan acurrucarse.<\/p>\n","protected":false},"featured_media":775,"comment_status":"open","ping_status":"closed","template":"","meta":[],"product_cat":[332,26],"product_tag":[35,36,333],"class_list":{"0":"post-771","1":"product","2":"type-product","3":"status-publish","4":"has-post-thumbnail","6":"product_cat-moradillo-sofas-2","7":"product_cat-sofas","8":"product_tag-moradillo","9":"product_tag-sofa","10":"product_tag-upi","12":"first","13":"instock","14":"shipping-taxable","15":"product-type-simple"},"_links":{"self":[{"href":"https:\/\/www.dprojects.es\/maximconfortsofas\/index.php?rest_route=\/wp\/v2\/product\/771","targetHints":{"allow":["GET"]}}],"collection":[{"href":"https:\/\/www.dprojects.es\/maximconfortsofas\/index.php?rest_route=\/wp\/v2\/product"}],"about":[{"href":"https:\/\/www.dprojects.es\/maximconfortsofas\/index.php?rest_route=\/wp\/v2\/types\/product"}],"replies":[{"embeddable":true,"href":"https:\/\/www.dprojects.es\/maximconfortsofas\/index.php?rest_route=%2Fwp%2Fv2%2Fcomments&post=771"}],"wp:featuredmedia":[{"embeddable":true,"href":"https:\/\/www.dprojects.es\/maximconfortsofas\/index.php?rest_route=\/wp\/v2\/media\/775"}],"wp:attachment":[{"href":"https:\/\/www.dprojects.es\/maximconfortsofas\/index.php?rest_route=%2Fwp%2Fv2%2Fmedia&parent=771"}],"wp:term":[{"taxonomy":"product_cat","embeddable":true,"href":"https:\/\/www.dprojects.es\/maximconfortsofas\/index.php?rest_route=%2Fwp%2Fv2%2Fproduct_cat&post=771"},{"taxonomy":"product_tag","embeddable":true,"href":"https:\/\/www.dprojects.es\/maximconfortsofas\/index.php?rest_route=%2Fwp%2Fv2%2Fproduct_tag&post=771"}],"curies":[{"name":"wp","href":"https:\/\/api.w.org\/{rel}","templated":true}]}}